{"id":51,"date":"2025-05-16T00:19:00","date_gmt":"2025-05-16T00:19:00","guid":{"rendered":"https:\/\/smilejump.com.mx\/dentales\/about\/"},"modified":"2025-05-18T02:40:38","modified_gmt":"2025-05-18T02:40:38","slug":"about","status":"publish","type":"page","link":"https:\/\/smilejump.com.mx\/dentales\/about\/","title":{"rendered":"Nosotros"},"content":{"rendered":"\n\n\n\n\n\n\n\n\n\n\n<h2 style=\"color: rgb(220, 18, 123);\">\u00bfQui\u00e9nes Somos?<\/h2>\n<p align=\"justify\">Somos un equipo de profesionales capacitados para atenderte de forma personalizada brind\u00e1ndote tratamientos de calidad.<\/p><p><br><\/p><p align=\"justify\">Ofrecemos una amplia variedad de tratamientos dentales preventivos, curativos y restaurativos est\u00e9ticos como son: endodoncia, ortodoncia convencional (brakets met\u00e1licos y est\u00e9ticos), ortodoncia invisible, ortopedia maxilar infantil, cirug\u00eda oral, bichectomias, extracciones, infecciones, pr\u00f3tesis fija y removible, placas totales (dentaduras), carillas est\u00e9ticas, implantes dentales, periodoncia<\/p>\n<blockquote><em><\/em><\/blockquote><span style=\"color:#0e4d9b;\"><blockquote><em>Lilia Carrillo Corona<\/em><\/blockquote><blockquote><em>Cirujano Dentista<\/em><\/blockquote><blockquote><em>UNAM &#8211; Ced. Prof. 03506612<\/em><\/blockquote><\/span><blockquote><em><\/em><\/blockquote>\n\nOdontolog\u00eda de Avanzada\nEquipos de Alta Tecnolog\u00eda\nConsultorios Confortables\nEspecialistas altamente capacitados\nTratamientos pensados para ti\n\n\n\n\n\nMejorar la vida de nuestros pacientes, a trav\u00e9s de la prevenci\u00f3n, curaci\u00f3n, rehabilitaci\u00f3n est\u00e9tica y mantenimiento dental.\n\n\nSer el consultorio dental de confianza y referencia de nuestros pacientes, destacando por nuestra integridad en la calidad y comodidad de los tratamientos realizados con pasi\u00f3n.\n\n\n\n\n<h2 style=\"color: rgb(220, 18, 123);\">Calidad, comodidad. Cuidado dental de confianza.<\/h2>\n<p>Te ofrecemos una gama de servicios especializados dise\u00f1ados para cuidar cada aspecto de tu salud dental. Ya sea que necesites un implante dental, ortodoncia o un tratamiento para los m\u00e1s peque\u00f1os de la casa, estamos aqu\u00ed para ayudarte. Nuestro porcentaje de servicios m\u00e1s demandados al mes:<\/p>\nOrtodoncias\nImplants\nCosmetic Work\n\n\n\n\n\n\n\n\n\n\n\n\n\n\n\n\n\n\n","protected":false},"excerpt":{"rendered":"","protected":false},"author":1,"featured_media":0,"parent":0,"menu_order":0,"comment_status":"closed","ping_status":"closed","template":"","meta":{"pagelayer_contact_templates":[],"_pagelayer_content":"","footnotes":""},"class_list":["post-51","page","type-page","status-publish","hentry"],"_links":{"self":[{"href":"https:\/\/smilejump.com.mx\/dentales\/wp-json\/wp\/v2\/pages\/51","targetHints":{"allow":["GET"]}}],"collection":[{"href":"https:\/\/smilejump.com.mx\/dentales\/wp-json\/wp\/v2\/pages"}],"about":[{"href":"https:\/\/smilejump.com.mx\/dentales\/wp-json\/wp\/v2\/types\/page"}],"author":[{"embeddable":true,"href":"https:\/\/smilejump.com.mx\/dentales\/wp-json\/wp\/v2\/users\/1"}],"replies":[{"embeddable":true,"href":"https:\/\/smilejump.com.mx\/dentales\/wp-json\/wp\/v2\/comments?post=51"}],"version-history":[{"count":14,"href":"https:\/\/smilejump.com.mx\/dentales\/wp-json\/wp\/v2\/pages\/51\/revisions"}],"predecessor-version":[{"id":326,"href":"https:\/\/smilejump.com.mx\/dentales\/wp-json\/wp\/v2\/pages\/51\/revisions\/326"}],"wp:attachment":[{"href":"https:\/\/smilejump.com.mx\/dentales\/wp-json\/wp\/v2\/media?parent=51"}],"curies":[{"name":"wp","href":"https:\/\/api.w.org\/{rel}","templated":true}]}}